{"id":16,"date":"2024-04-24T16:34:41","date_gmt":"2024-04-24T16:34:41","guid":{"rendered":"https:\/\/www.zumbaskatkou.cz\/?page_id=16"},"modified":"2025-09-22T09:13:05","modified_gmt":"2025-09-22T09:13:05","slug":"cenik","status":"publish","type":"page","link":"https:\/\/www.zumbaskatkou.cz\/?page_id=16","title":{"rendered":"Cen\u00edk"},"content":{"rendered":"\t\t<div data-elementor-type=\"wp-page\" data-elementor-id=\"16\" class=\"elementor elementor-16\" data-elementor-post-type=\"page\">\n\t\t\t\t<div class=\"elementor-element elementor-element-e78a262 e-flex e-con-boxed e-con e-parent\" data-id=\"e78a262\" data-element_type=\"container\">\n\t\t\t\t\t<div class=\"e-con-inner\">\n\t\t\t\t<div class=\"elementor-element elementor-element-d67da41 elementor-widget elementor-widget-heading\" data-id=\"d67da41\" data-element_type=\"widget\" data-widget_type=\"heading.default\">\n\t\t\t\t<div class=\"elementor-widget-container\">\n\t\t\t\t\t<h2 class=\"elementor-heading-title elementor-size-default\">cen\u00edk<\/h2>\t\t\t\t<\/div>\n\t\t\t\t<\/div>\n\t\t\t\t\t<\/div>\n\t\t\t\t<\/div>\n\t\t<div class=\"elementor-element elementor-element-ccb6c2c e-grid e-con-boxed e-con e-parent\" data-id=\"ccb6c2c\" data-element_type=\"container\" data-settings=\"{&quot;background_background&quot;:&quot;classic&quot;}\">\n\t\t\t\t\t<div class=\"e-con-inner\">\n\t\t\t\t<div class=\"elementor-element elementor-element-a1983e6 elementor-widget elementor-widget-image\" data-id=\"a1983e6\" data-element_type=\"widget\" data-widget_type=\"image.default\">\n\t\t\t\t<div class=\"elementor-widget-container\">\n\t\t\t\t\t\t\t\t\t\t\t\t\t\t\t<img fetchpriority=\"high\" decoding=\"async\" width=\"800\" height=\"534\" src=\"https:\/\/www.zumbaskatkou.cz\/wp-content\/uploads\/2025\/03\/multisport-1024x683.png\" class=\"attachment-large size-large wp-image-239\" alt=\"\" srcset=\"https:\/\/www.zumbaskatkou.cz\/wp-content\/uploads\/2025\/03\/multisport-1024x683.png 1024w, https:\/\/www.zumbaskatkou.cz\/wp-content\/uploads\/2025\/03\/multisport-300x200.png 300w, https:\/\/www.zumbaskatkou.cz\/wp-content\/uploads\/2025\/03\/multisport-768x512.png 768w, https:\/\/www.zumbaskatkou.cz\/wp-content\/uploads\/2025\/03\/multisport-1536x1024.png 1536w, https:\/\/www.zumbaskatkou.cz\/wp-content\/uploads\/2025\/03\/multisport-2048x1366.png 2048w\" sizes=\"(max-width: 800px) 100vw, 800px\" \/>\t\t\t\t\t\t\t\t\t\t\t\t\t\t\t<\/div>\n\t\t\t\t<\/div>\n\t\t<div class=\"elementor-element elementor-element-798e6c2 e-flex e-con-boxed e-con e-child\" data-id=\"798e6c2\" data-element_type=\"container\" data-settings=\"{&quot;background_background&quot;:&quot;classic&quot;}\">\n\t\t\t\t\t<div class=\"e-con-inner\">\n\t\t\t\t<div class=\"elementor-element elementor-element-0e7cffa elementor-widget elementor-widget-heading\" data-id=\"0e7cffa\" data-element_type=\"widget\" data-widget_type=\"heading.default\">\n\t\t\t\t<div class=\"elementor-widget-container\">\n\t\t\t\t\t<h2 class=\"elementor-heading-title elementor-size-default\">jednor\u00e1zov\u00fd vstup<\/h2>\t\t\t\t<\/div>\n\t\t\t\t<\/div>\n\t\t\t\t<div class=\"elementor-element elementor-element-bd0d4f9 elementor-widget elementor-widget-text-editor\" data-id=\"bd0d4f9\" data-element_type=\"widget\" data-widget_type=\"text-editor.default\">\n\t\t\t\t<div class=\"elementor-widget-container\">\n\t\t\t\t\t\t\t\t\t<p>DOSP\u011aL\u00cd : 100 K\u010d\u00a0 \u00a0|\u00a0 \u00a0D\u011aTI : 90 K\u010d<\/p>\t\t\t\t\t\t\t\t<\/div>\n\t\t\t\t<\/div>\n\t\t\t\t<div class=\"elementor-element elementor-element-43bd4de elementor-widget elementor-widget-heading\" data-id=\"43bd4de\" data-element_type=\"widget\" data-widget_type=\"heading.default\">\n\t\t\t\t<div class=\"elementor-widget-container\">\n\t\t\t\t\t<h2 class=\"elementor-heading-title elementor-size-default\">permanentka<\/h2>\t\t\t\t<\/div>\n\t\t\t\t<\/div>\n\t\t\t\t<div class=\"elementor-element elementor-element-fac9580 elementor-widget elementor-widget-text-editor\" data-id=\"fac9580\" data-element_type=\"widget\" data-widget_type=\"text-editor.default\">\n\t\t\t\t<div class=\"elementor-widget-container\">\n\t\t\t\t\t\t\t\t\t<p><strong>10h<\/strong> DOSP\u011aL\u00cd:\u00a0 \u00a0950 K\u010d\u00a0 |\u00a0 <strong>10h<\/strong> D\u00cdT\u011a (6-15):\u00a0 \u00a0850 K\u010d<\/p><p><strong>20h<\/strong> DOSP\u011aL\u00cd: 1800 K\u010d\u00a0 |\u00a0 <strong>20h<\/strong> D\u00cdT\u011a (6-15): 1600 K\u010d<\/p>\t\t\t\t\t\t\t\t<\/div>\n\t\t\t\t<\/div>\n\t\t\t\t<div class=\"elementor-element elementor-element-db33694 elementor-widget elementor-widget-text-editor\" data-id=\"db33694\" data-element_type=\"widget\" data-widget_type=\"text-editor.default\">\n\t\t\t\t<div class=\"elementor-widget-container\">\n\t\t\t\t\t\t\t\t\t<p>Platba jen platebn\u00ed kartou \/ Multisport kartou<\/p>\t\t\t\t\t\t\t\t<\/div>\n\t\t\t\t<\/div>\n\t\t\t\t\t<\/div>\n\t\t\t\t<\/div>\n\t\t\t\t\t<\/div>\n\t\t\t\t<\/div>\n\t\t<div class=\"elementor-element elementor-element-1fee8b7 e-flex e-con-boxed e-con e-parent\" data-id=\"1fee8b7\" data-element_type=\"container\">\n\t\t\t\t\t<div class=\"e-con-inner\">\n\t\t\t\t\t<\/div>\n\t\t\t\t<\/div>\n\t\t\t\t<\/div>\n\t\t","protected":false},"excerpt":{"rendered":"<p>cen\u00edk jednor\u00e1zov\u00fd vstup DOSP\u011aL\u00cd : 100 K\u010d\u00a0 \u00a0|\u00a0 \u00a0D\u011aTI : 90 K\u010d permanentka 10h DOSP\u011aL\u00cd:\u00a0 \u00a0950 K\u010d\u00a0 |\u00a0 10h D\u00cdT\u011a (6-15):\u00a0 \u00a0850 K\u010d 20h DOSP\u011aL\u00cd: 1800 K\u010d\u00a0 |\u00a0 20h D\u00cdT\u011a (6-15): 1600 K\u010d Platba jen platebn\u00ed kartou \/ Multisport kartou<\/p>\n","protected":false},"author":2,"featured_media":0,"parent":0,"menu_order":0,"comment_status":"closed","ping_status":"closed","template":"elementor_header_footer","meta":{"_monsterinsights_skip_tracking":false,"_monsterinsights_sitenote_active":false,"_monsterinsights_sitenote_note":"","_monsterinsights_sitenote_category":0,"footnotes":""},"class_list":["post-16","page","type-page","status-publish","hentry"],"aioseo_notices":[],"_links":{"self":[{"href":"https:\/\/www.zumbaskatkou.cz\/index.php?rest_route=\/wp\/v2\/pages\/16","targetHints":{"allow":["GET"]}}],"collection":[{"href":"https:\/\/www.zumbaskatkou.cz\/index.php?rest_route=\/wp\/v2\/pages"}],"about":[{"href":"https:\/\/www.zumbaskatkou.cz\/index.php?rest_route=\/wp\/v2\/types\/page"}],"author":[{"embeddable":true,"href":"https:\/\/www.zumbaskatkou.cz\/index.php?rest_route=\/wp\/v2\/users\/2"}],"replies":[{"embeddable":true,"href":"https:\/\/www.zumbaskatkou.cz\/index.php?rest_route=%2Fwp%2Fv2%2Fcomments&post=16"}],"version-history":[{"count":19,"href":"https:\/\/www.zumbaskatkou.cz\/index.php?rest_route=\/wp\/v2\/pages\/16\/revisions"}],"predecessor-version":[{"id":277,"href":"https:\/\/www.zumbaskatkou.cz\/index.php?rest_route=\/wp\/v2\/pages\/16\/revisions\/277"}],"wp:attachment":[{"href":"https:\/\/www.zumbaskatkou.cz\/index.php?rest_route=%2Fwp%2Fv2%2Fmedia&parent=16"}],"curies":[{"name":"wp","href":"https:\/\/api.w.org\/{rel}","templated":true}]}}